{"id":1570,"date":"2023-12-15T07:22:44","date_gmt":"2023-12-15T07:22:44","guid":{"rendered":"https:\/\/www.artous.cat\/?page_id=1570"},"modified":"2023-12-15T08:01:22","modified_gmt":"2023-12-15T08:01:22","slug":"politica-de-privacidad","status":"publish","type":"page","link":"https:\/\/www.artous.cat\/es\/politica-de-privacidad\/","title":{"rendered":"Pol\u00edtica de privacidad"},"content":{"rendered":"\t\t<div data-elementor-type=\"wp-page\" data-elementor-id=\"1570\" class=\"elementor elementor-1570 elementor-1560\">\n\t\t\t\t\t\t\t\t\t<section class=\"elementor-section elementor-top-section elementor-element elementor-element-2cc2f8a elementor-section-height-min-height elementor-section-items-bottom elementor-section-boxed elementor-section-height-default\" data-id=\"2cc2f8a\" data-element_type=\"section\" data-settings=\"{&quot;background_background&quot;:&quot;classic&quot;,&quot;_ha_eqh_enable&quot;:false}\">\n\t\t\t\t\t\t<div class=\"elementor-container elementor-column-gap-default\">\n\t\t\t\t\t<div class=\"elementor-column elementor-col-100 elementor-top-column elementor-element elementor-element-129cc10\" data-id=\"129cc10\" data-element_type=\"column\">\n\t\t\t<div class=\"elementor-widget-wrap elementor-element-populated\">\n\t\t\t\t\t\t\t\t<div class=\"elementor-element elementor-element-38e6b20 elementor-widget elementor-widget-text-editor\" data-id=\"38e6b20\" data-element_type=\"widget\" data-widget_type=\"text-editor.default\">\n\t\t\t\t<div class=\"elementor-widget-container\">\n\t\t\t<style>\/*! elementor - v3.18.0 - 20-12-2023 *\/\n.elementor-widget-text-editor.elementor-drop-cap-view-stacked .elementor-drop-cap{background-color:#69727d;color:#fff}.elementor-widget-text-editor.elementor-drop-cap-view-framed .elementor-drop-cap{color:#69727d;border:3px solid;background-color:transparent}.elementor-widget-text-editor:not(.elementor-drop-cap-view-default) .elementor-drop-cap{margin-top:8px}.elementor-widget-text-editor:not(.elementor-drop-cap-view-default) .elementor-drop-cap-letter{width:1em;height:1em}.elementor-widget-text-editor .elementor-drop-cap{float:left;text-align:center;line-height:1;font-size:50px}.elementor-widget-text-editor .elementor-drop-cap-letter{display:inline-block}<\/style>\t\t\t\t<h1><strong>Pol\u00edtica de privacidad<\/strong><\/h1>\t\t\t\t\t\t<\/div>\n\t\t\t\t<\/div>\n\t\t\t\t\t<\/div>\n\t\t<\/div>\n\t\t\t\t\t\t\t<\/div>\n\t\t<\/section>\n\t\t\t\t<section class=\"elementor-section elementor-top-section elementor-element elementor-element-06b7ec5 elementor-section-boxed elementor-section-height-default elementor-section-height-default\" data-id=\"06b7ec5\" data-element_type=\"section\" data-settings=\"{&quot;_ha_eqh_enable&quot;:false}\">\n\t\t\t\t\t\t<div class=\"elementor-container elementor-column-gap-default\">\n\t\t\t\t\t<div class=\"elementor-column elementor-col-100 elementor-top-column elementor-element elementor-element-32b6790\" data-id=\"32b6790\" data-element_type=\"column\">\n\t\t\t<div class=\"elementor-widget-wrap elementor-element-populated\">\n\t\t\t\t\t\t\t\t<div class=\"elementor-element elementor-element-c625143 elementor-widget elementor-widget-text-editor\" data-id=\"c625143\" data-element_type=\"widget\" data-widget_type=\"text-editor.default\">\n\t\t\t\t<div class=\"elementor-widget-container\">\n\t\t\t\t\t\t\t<h2>Responsables del Tratamiento:<\/h2><p><strong>PROFINQUES ARTOUS, S.L. <\/strong><\/p><p><strong>Domicilio Social: <\/strong>c\/ Roger de Flor, 68 esc B &#8211; 08401 Granollers<\/p><p><strong>CIF: <\/strong>B-60765377<\/p><p><strong>Tel: <\/strong>(+34) 93 879 36 67<\/p><p><strong>Correo electr\u00f3nico: <\/strong>artous@artous.cat<\/p><p><strong>ADMINISTRADOR DE FINCAS N.\u00ba 5597<\/strong><\/p><p>\u00a0<\/p><p>El Responsable del tratamiento garantiza el cumplimiento de la normativa LOPDGDD (Ley Org\u00e1nica 3\/2018), el Reglamento (UE) 2016\/679 y la Ley 34\/2002.<\/p><p>\u00a0<\/p><p>Esta Pol\u00edtica de Privacidad, describe c\u00f3mo se utiliza, almacena y divulga la informaci\u00f3n personal que se obtiene a trav\u00e9s de nuestra web. Aseguramos su privacidad y nos comprometemos a proteger sus datos personales. Al hacer uso de nuestra Web, Usted acepta el tratamiento de sus datos personales seg\u00fan lo descrito en esta Pol\u00edtica de Privacidad:<\/p><p>\u00a0<\/p><h3><strong>Informaci\u00f3n que recopilamos <\/strong><\/h3><p>Podemos recopilar la siguiente informaci\u00f3n personal cuando interact\u00faa con nosotros:<\/p><ul><li>Informaci\u00f3n de identificaci\u00f3n personal, como su nombre, direcci\u00f3n, direcci\u00f3n de correo electr\u00f3nico, n\u00famero de tel\u00e9fono y otra informaci\u00f3n que proporciona voluntariamente al contactar con nosotros, suscribirse o remitir sus solicitudes.<\/li><li>Informaci\u00f3n sobre su candidatura.<\/li><li>Informaci\u00f3n de uso y tecnolog\u00eda, como la direcci\u00f3n IP, datos de registro, tipo de dispositivo, navegador web utilizado, p\u00e1ginas visitadas, ubicaci\u00f3n geogr\u00e1fica aproximada y otra informaci\u00f3n recopilada autom\u00e1ticamente a trav\u00e9s de cookies u otras tecnolog\u00edas de seguimiento.<\/li><\/ul><p>Tenga en cuenta que, al proporcionarnos sus datos personales, garantiza que son ver\u00eddicos y precisos, y se compromete a notificarnos cualquier cambio o modificaci\u00f3n en ellos. Usted es el \u00fanico responsable de cualquier p\u00e9rdida o da\u00f1o causado debido a la comunicaci\u00f3n de informaci\u00f3n incorrecta, inexacta o incompleta en los formularios de registro, consulta, compra o suscripci\u00f3n.<\/p><p>\u00a0<\/p><h3><strong>Finalidad de la informaci\u00f3n recopilada <\/strong><\/h3><p>Utilizamos la informaci\u00f3n personal que recopilamos para los siguientes fines:<\/p><ul><li>Mejorar y personalizar servicios.<\/li><li>Procesar transacciones y responder a sus solicitudes.<\/li><li>Comunicarnos y enviar comunicaciones sobre noticias o servicios con su consentimiento o siempre que exista una relaci\u00f3n activa.<\/li><li>Gesti\u00f3n de candidaturas y procesos de selecci\u00f3n de personal.<\/li><li>Cumplimiento de obligaciones legales y resolver disputas.<\/li><\/ul><p>\u00a0<\/p><h3><strong>Legi<\/strong><strong>ti<\/strong><strong>midad para el Tratamiento de Datos <\/strong><\/h3><p>El tratamiento de sus datos personales se llevar\u00e1 a cabo de conformidad con las siguientes bases legales:<\/p><ul><li><strong>Ejecuci\u00f3n de un contrato. <\/strong>El tratamiento de sus datos personales puede ser necesario para la ejecuci\u00f3n de un contrato entre Usted y nosotros.<\/li><li><strong>Cumplimiento de obligaciones legales. <\/strong>Es posible que debamos tratar sus datos personales para cumplir con obligaciones legales a las que estamos sujetos. Por ejemplo, podemos estar obligados a conservar cierta informaci\u00f3n con fines contables o fiscales.<\/li><li><strong>Consen<\/strong><strong>ti<\/strong><strong>miento<\/strong>. En algunos casos, solicitaremos su consentimiento expl\u00edcito antes de tratar sus datos personales. Le informaremos sobre la finalidad espec\u00edfica para la que solicitamos su consentimiento y tendr\u00e1 la libertad de otorgarlo o denegarlo. Si ha otorgado su consentimiento, podr\u00e1 retirarlo en cualquier momento, lo cual no afectar\u00e1 la legalidad del tratamiento realizado hasta ese momento.<\/li><li><strong>Intereses leg\u00ed<\/strong><strong>ti<\/strong><strong>mos. <\/strong>Podremos tratar sus datos personales cuando sea necesario para nuestros intereses leg\u00edtimos. Por ejemplo, podemos utilizar sus datos para mejorar nuestros servicios, personalizar su experiencia, realizar an\u00e1lisis estad\u00edsticos y llevar a cabo actividades de marketing directo, siempre en el marco de lo que consideramos razonable y en su inter\u00e9s.<\/li><li><strong>Cumplimiento de un inter\u00e9s p\u00fablico. <\/strong>En ciertos casos, es posible que necesitemos tratar sus datos personales para cumplir con un inter\u00e9s p\u00fablico. Esto puede incluir la prevenci\u00f3n del fraude, la seguridad de la red y la informaci\u00f3n, as\u00ed como la cooperaci\u00f3n con autoridades.<\/li><\/ul><p>\u00a0<\/p><h4><strong>Cesiones de datos: <\/strong><\/h4><p>Podemos compartir su informaci\u00f3n con terceros en estos casos:<\/p><ul><li><strong>Proveedores de Servicios:<\/strong> Para mejorar nuestros servicios, trabajamos con proveedores de alojamiento, an\u00e1lisis y otros servicios relacionados con nuestra actividad.<\/li><li><strong>Cumplimiento Legal:<\/strong> Para atender obligaciones legales.<\/li><li><strong>Consentimiento:<\/strong> Cuando nos otorga su consentimiento expl\u00edcito, compartimos informaci\u00f3n con terceros para fines de marketing y promociones.<\/li><\/ul><h4><strong>Datos de terceros: <\/strong><\/h4><p>Si nos proporciona datos personales de terceros, debe asegurarse de contar con el consentimiento adecuado y legalmente v\u00e1lido de dichas personas antes de compartir sus datos con nosotros.<\/p><p>\u00a0<\/p><p>Al proporcionar datos de terceros, declara y garantiza que tiene el consentimiento expreso y v\u00e1lido de dichas personas, y que les ha informado sobre c\u00f3mo utilizaremos sus datos de acuerdo con esta pol\u00edtica de privacidad. Nos exime de cualquier responsabilidad derivada de cualquier da\u00f1o o reclamaci\u00f3n por la falta de consentimiento adecuado para el tratamiento de dichos datos.<\/p><p>\u00a0<\/p><h4><strong>Conservaci\u00f3n de sus datos: <\/strong><\/h4><p>Mantendremos sus datos personales durante el tiempo necesario para cumplir con los fines establecidos en esta pol\u00edtica de privacidad, a menos que se requiera o permita un per\u00edodo de retenci\u00f3n m\u00e1s prolongado por ley.<\/p><p>\u00a0<\/p><p>La conservaci\u00f3n de sus datos personales estar\u00e1 sujeta a las siguientes consideraciones:<\/p><ul><li><strong>Duraci\u00f3n de la relaci\u00f3n contractual: <\/strong>Si tiene una cuenta de usuario registrada, conservaremos sus datos personales mientras su cuenta est\u00e9 activa.<\/li><li><strong>Cumplimiento de obligaciones legales: <\/strong>Podemos conservar cierta informaci\u00f3n personal para cumplir obligaciones legales, requisitos contables o fiscales.<\/li><li><strong>Intereses leg\u00ed<\/strong><strong>ti<\/strong><strong>mos: <\/strong>Conservaremos dichos datos mientras sea necesario para cumplir con los fines comerciales leg\u00edtimos.<\/li><li><strong>Consen<\/strong><strong>ti<\/strong><strong>miento: <\/strong>En el caso de que haya otorgado su consentimiento para alg\u00fan tratamiento con fines espec\u00edficos, conservaremos sus datos hasta que decida revocar su consentimiento.<\/li><li><strong>Curr\u00edculo o procesos de selecci\u00f3n: <\/strong>Mantendremos sus datos durante un a\u00f1o.<\/li><\/ul><p>\u00a0<\/p><p>Una vez finalizado el per\u00edodo de conservaci\u00f3n, los eliminaremos o anonimizaremos de manera segura, salvo obligaci\u00f3n legal.<\/p><p>\u00a0<\/p><h3><strong>Ejercicio de Derechos <\/strong><\/h3><p>Puede ejercer los derechos indicados a continuaci\u00f3n:<\/p><ul><li><strong>Derecho de Acceso. <\/strong>Tiene derecho a obtener confirmaci\u00f3n sobre si tratando sus datos, a acceder a dichos datos y obtener informaci\u00f3n detallada.<\/li><li><strong>Derecho de Rec<\/strong><strong>ti<\/strong><strong>ficaci\u00f3n<\/strong>. Si los datos personales son inexactos o est\u00e1n desactualizados, puede solicitar su rectificaci\u00f3n o actualizaci\u00f3n.<\/li><li><strong>Derecho de Supresi\u00f3n (Derecho al Olvido). <\/strong>En determinadas circunstancias, puede solicitar la supresi\u00f3n de sus datos personales.<\/li><\/ul>\t\t\t\t\t\t<\/div>\n\t\t\t\t<\/div>\n\t\t\t\t\t<\/div>\n\t\t<\/div>\n\t\t\t\t\t\t\t<\/div>\n\t\t<\/section>\n\t\t\t\t\t\t\t<\/div>\n\t\t","protected":false},"excerpt":{"rendered":"<p>Pol\u00edtica de privacidad Responsables del Tratamiento: PROFINQUES ARTOUS, S.L. Domicilio Social: c\/ Roger de Flor, 68 esc B &#8211; 08401 Granollers CIF: B-60765377 Tel: (+34) 93 879 36 67 Correo&#8230;<\/p>\n","protected":false},"author":1,"featured_media":0,"parent":0,"menu_order":0,"comment_status":"closed","ping_status":"closed","template":"","meta":{"inline_featured_image":false,"footnotes":""},"class_list":["post-1570","page","type-page","status-publish","hentry"],"yoast_head":"<!-- This site is optimized with the Yoast SEO plugin v21.7 - https:\/\/yoast.com\/wordpress\/plugins\/seo\/ -->\n<title>Pol\u00edtica de privacidad - Artous<\/title>\n<meta name=\"robots\" content=\"index, follow, max-snippet:-1, max-image-preview:large, max-video-preview:-1\" \/>\n<link rel=\"canonical\" href=\"https:\/\/www.artous.cat\/es\/politica-de-privacidad\/\" \/>\n<meta property=\"og:locale\" content=\"es_ES\" \/>\n<meta property=\"og:type\" content=\"article\" \/>\n<meta property=\"og:title\" content=\"Pol\u00edtica de privacidad - Artous\" \/>\n<meta property=\"og:description\" content=\"Pol\u00edtica de privacidad Responsables del Tratamiento: PROFINQUES ARTOUS, S.L. Domicilio Social: c\/ Roger de Flor, 68 esc B &#8211; 08401 Granollers CIF: B-60765377 Tel: (+34) 93 879 36 67 Correo...\" \/>\n<meta property=\"og:url\" content=\"https:\/\/www.artous.cat\/es\/politica-de-privacidad\/\" \/>\n<meta property=\"og:site_name\" content=\"Artous\" \/>\n<meta property=\"article:modified_time\" content=\"2023-12-15T08:01:22+00:00\" \/>\n<meta name=\"twitter:card\" content=\"summary_large_image\" \/>\n<meta name=\"twitter:label1\" content=\"Tiempo de lectura\" \/>\n\t<meta name=\"twitter:data1\" content=\"5 minutos\" \/>\n<script type=\"application\/ld+json\" class=\"yoast-schema-graph\">{\"@context\":\"https:\/\/schema.org\",\"@graph\":[{\"@type\":\"WebPage\",\"@id\":\"https:\/\/www.artous.cat\/es\/politica-de-privacidad\/\",\"url\":\"https:\/\/www.artous.cat\/es\/politica-de-privacidad\/\",\"name\":\"Pol\u00edtica de privacidad - Artous\",\"isPartOf\":{\"@id\":\"http:\/\/www.artous.cat\/#website\"},\"datePublished\":\"2023-12-15T07:22:44+00:00\",\"dateModified\":\"2023-12-15T08:01:22+00:00\",\"inLanguage\":\"es\",\"potentialAction\":[{\"@type\":\"ReadAction\",\"target\":[\"https:\/\/www.artous.cat\/es\/politica-de-privacidad\/\"]}]},{\"@type\":\"WebSite\",\"@id\":\"http:\/\/www.artous.cat\/#website\",\"url\":\"http:\/\/www.artous.cat\/\",\"name\":\"Artous\",\"description\":\"\",\"potentialAction\":[{\"@type\":\"SearchAction\",\"target\":{\"@type\":\"EntryPoint\",\"urlTemplate\":\"http:\/\/www.artous.cat\/?s={search_term_string}\"},\"query-input\":\"required name=search_term_string\"}],\"inLanguage\":\"es\"}]}<\/script>\n<!-- \/ Yoast SEO plugin. -->","yoast_head_json":{"title":"Pol\u00edtica de privacidad - Artous","robots":{"index":"index","follow":"follow","max-snippet":"max-snippet:-1","max-image-preview":"max-image-preview:large","max-video-preview":"max-video-preview:-1"},"canonical":"https:\/\/www.artous.cat\/es\/politica-de-privacidad\/","og_locale":"es_ES","og_type":"article","og_title":"Pol\u00edtica de privacidad - Artous","og_description":"Pol\u00edtica de privacidad Responsables del Tratamiento: PROFINQUES ARTOUS, S.L. Domicilio Social: c\/ Roger de Flor, 68 esc B &#8211; 08401 Granollers CIF: B-60765377 Tel: (+34) 93 879 36 67 Correo...","og_url":"https:\/\/www.artous.cat\/es\/politica-de-privacidad\/","og_site_name":"Artous","article_modified_time":"2023-12-15T08:01:22+00:00","twitter_card":"summary_large_image","twitter_misc":{"Tiempo de lectura":"5 minutos"},"schema":{"@context":"https:\/\/schema.org","@graph":[{"@type":"WebPage","@id":"https:\/\/www.artous.cat\/es\/politica-de-privacidad\/","url":"https:\/\/www.artous.cat\/es\/politica-de-privacidad\/","name":"Pol\u00edtica de privacidad - Artous","isPartOf":{"@id":"http:\/\/www.artous.cat\/#website"},"datePublished":"2023-12-15T07:22:44+00:00","dateModified":"2023-12-15T08:01:22+00:00","inLanguage":"es","potentialAction":[{"@type":"ReadAction","target":["https:\/\/www.artous.cat\/es\/politica-de-privacidad\/"]}]},{"@type":"WebSite","@id":"http:\/\/www.artous.cat\/#website","url":"http:\/\/www.artous.cat\/","name":"Artous","description":"","potentialAction":[{"@type":"SearchAction","target":{"@type":"EntryPoint","urlTemplate":"http:\/\/www.artous.cat\/?s={search_term_string}"},"query-input":"required name=search_term_string"}],"inLanguage":"es"}]}},"_links":{"self":[{"href":"https:\/\/www.artous.cat\/es\/wp-json\/wp\/v2\/pages\/1570","targetHints":{"allow":["GET"]}}],"collection":[{"href":"https:\/\/www.artous.cat\/es\/wp-json\/wp\/v2\/pages"}],"about":[{"href":"https:\/\/www.artous.cat\/es\/wp-json\/wp\/v2\/types\/page"}],"author":[{"embeddable":true,"href":"https:\/\/www.artous.cat\/es\/wp-json\/wp\/v2\/users\/1"}],"replies":[{"embeddable":true,"href":"https:\/\/www.artous.cat\/es\/wp-json\/wp\/v2\/comments?post=1570"}],"version-history":[{"count":5,"href":"https:\/\/www.artous.cat\/es\/wp-json\/wp\/v2\/pages\/1570\/revisions"}],"predecessor-version":[{"id":1664,"href":"https:\/\/www.artous.cat\/es\/wp-json\/wp\/v2\/pages\/1570\/revisions\/1664"}],"wp:attachment":[{"href":"https:\/\/www.artous.cat\/es\/wp-json\/wp\/v2\/media?parent=1570"}],"curies":[{"name":"wp","href":"https:\/\/api.w.org\/{rel}","templated":true}]}}