{"id":1061,"date":"2023-03-16T15:31:16","date_gmt":"2023-03-16T15:31:16","guid":{"rendered":"https:\/\/www.artous.cat\/?page_id=1061"},"modified":"2024-01-22T13:14:31","modified_gmt":"2024-01-22T13:14:31","slug":"aviso-legal","status":"publish","type":"page","link":"https:\/\/www.artous.cat\/es\/aviso-legal\/","title":{"rendered":"Aviso legal"},"content":{"rendered":"\t\t<div data-elementor-type=\"wp-page\" data-elementor-id=\"1061\" class=\"elementor elementor-1061 elementor-3\">\n\t\t\t\t\t\t\t\t\t<section class=\"elementor-section elementor-top-section elementor-element elementor-element-733f125 elementor-section-height-min-height elementor-section-items-bottom elementor-section-boxed elementor-section-height-default\" data-id=\"733f125\" data-element_type=\"section\" data-settings=\"{&quot;background_background&quot;:&quot;classic&quot;,&quot;_ha_eqh_enable&quot;:false}\">\n\t\t\t\t\t\t<div class=\"elementor-container elementor-column-gap-default\">\n\t\t\t\t\t<div class=\"elementor-column elementor-col-100 elementor-top-column elementor-element elementor-element-12adaca\" data-id=\"12adaca\" data-element_type=\"column\">\n\t\t\t<div class=\"elementor-widget-wrap elementor-element-populated\">\n\t\t\t\t\t\t\t\t<div class=\"elementor-element elementor-element-5afb647 elementor-widget elementor-widget-text-editor\" data-id=\"5afb647\" data-element_type=\"widget\" data-widget_type=\"text-editor.default\">\n\t\t\t\t<div class=\"elementor-widget-container\">\n\t\t\t<style>\/*! elementor - v3.18.0 - 20-12-2023 *\/\n.elementor-widget-text-editor.elementor-drop-cap-view-stacked .elementor-drop-cap{background-color:#69727d;color:#fff}.elementor-widget-text-editor.elementor-drop-cap-view-framed .elementor-drop-cap{color:#69727d;border:3px solid;background-color:transparent}.elementor-widget-text-editor:not(.elementor-drop-cap-view-default) .elementor-drop-cap{margin-top:8px}.elementor-widget-text-editor:not(.elementor-drop-cap-view-default) .elementor-drop-cap-letter{width:1em;height:1em}.elementor-widget-text-editor .elementor-drop-cap{float:left;text-align:center;line-height:1;font-size:50px}.elementor-widget-text-editor .elementor-drop-cap-letter{display:inline-block}<\/style>\t\t\t\t<h1><strong>Aviso legal<\/strong><\/h1>\t\t\t\t\t\t<\/div>\n\t\t\t\t<\/div>\n\t\t\t\t\t<\/div>\n\t\t<\/div>\n\t\t\t\t\t\t\t<\/div>\n\t\t<\/section>\n\t\t\t\t<section class=\"elementor-section elementor-top-section elementor-element elementor-element-6ea1472b elementor-section-boxed elementor-section-height-default elementor-section-height-default\" data-id=\"6ea1472b\" data-element_type=\"section\" data-settings=\"{&quot;_ha_eqh_enable&quot;:false}\">\n\t\t\t\t\t\t<div class=\"elementor-container elementor-column-gap-default\">\n\t\t\t\t\t<div class=\"elementor-column elementor-col-100 elementor-top-column elementor-element elementor-element-6bc63090\" data-id=\"6bc63090\" data-element_type=\"column\">\n\t\t\t<div class=\"elementor-widget-wrap elementor-element-populated\">\n\t\t\t\t\t\t\t\t<div class=\"elementor-element elementor-element-13dae7ab elementor-widget elementor-widget-text-editor\" data-id=\"13dae7ab\" data-element_type=\"widget\" data-widget_type=\"text-editor.default\">\n\t\t\t\t<div class=\"elementor-widget-container\">\n\t\t\t\t\t\t\t<h3><span style=\"font-size: 1.25rem; color: var( --e-global-color-text );\"><br><\/span><\/h3><h3><span style=\"font-size: 1.25rem; color: var( --e-global-color-text );\">En cumplimiento de la Ley Org\u00e1nica LOPD-GDD 3\/2018, el Reglamento (UE) 2016\/679 de 27 de abril de 2016 (RGPD), as\u00ed como la Ley 34\/2002, de 11 de julio, de Servicios de la Sociedad de la Informaci\u00f3n y Comercio Electr\u00f3nico (LSSICE), le informamos que esta web es responsabilidad de:<\/span><br><\/h3>\n<p><strong>Denominaci\u00f3n Social:<\/strong> PROFINQUES ARTOUS, S.L.<\/p>\n<p><strong>Domicilio Social:<\/strong> c\/ Roger de Flor, 68 esc B &#8211; 08401 Granollers<\/p>\n<p><strong>NIF:<\/strong> B-60765377<\/p>\n<p><strong>Tel:<\/strong> (+34) 93 879 36 67<\/p>\n<p><strong>Correo electr\u00f3nico: <\/strong>artous@artous.cat<\/p>\n<p><strong>ADMINISTRADOR DE FINCAS N.\u00ba 5597 <\/strong><\/p>\n<p><strong>Registro Mercantil de Barcelona, Tomo 27976, Folio 205, Hoja N.\u00ba B-126384, Inscripci\u00f3n 4\u00aa.<\/strong><\/p>\n<p>El acceso a esta p\u00e1gina web es responsabilidad exclusiva de los usuarios, implicando la aceptaci\u00f3n y el conocimiento de las advertencias legales, condiciones y t\u00e9rminos de uso que aqu\u00ed se detallan. Nos reservamos el derecho de llevar a cabo, en cualquier momento, los cambios y modificaciones que considere convenientes y necesarios en la p\u00e1gina web, sin necesidad de previo aviso. Asimismo, se reserva el derecho de alterar cualquier informaci\u00f3n presente en el sitio web, sin estar obligado a notificar o informar a los usuarios de dichas modificaciones. La mera publicaci\u00f3n en el sitio web de PROFINQUES ARTOUS, S.L. se considerar\u00e1 suficiente notificaci\u00f3n.<\/p>\n<h3><strong>PROPIEDAD INTELECTUAL E INDUSTRIAL<\/strong><\/h3>\n<p>El dise\u00f1o de este portal y sus c\u00f3digos fuente, as\u00ed como los logotipos, marcas, productos y dem\u00e1s signos distintivos que en \u00e9l se encuentren, son propiedad de PROFINQUES ARTOUS, S.L. y est\u00e1n protegidos por los correspondientes derechos de propiedad intelectual e industrial. El Usuario se compromete a respetar los derechos de propiedad industrial de PROFINQUES ARTOUS, S.L. y de cualquier otro tercero. El usuario podr\u00e1 descargar la p\u00e1gina web en su terminal siempre que sea para uso privado, sin ning\u00fan fin comercial, por lo que no podr\u00e1 explotar, reproducir, distribuir, modificar, comunicar p\u00fablicamente, ceder, transformar o usar el contenido de la web con fines p\u00fablicos o comerciales. Cualquier v\u00ednculo que desee establecerse en direcci\u00f3n a la Web de PROFINQUES ARTOUS, S.L. deber\u00e1 contar con la debida autorizaci\u00f3n. El uso o la concesi\u00f3n de acceso a la p\u00e1gina Web no otorga derecho alguno sobre las marcas, nombres comerciales o cualquier otro signo distintivo que se utilicen en la misma.<\/p>\n<h3><strong>RESPONSABILIDAD DE LOS CONTENIDOS <\/strong><\/h3>\n<p>PROFINQUES ARTOUS, S.L. no se hace responsable de la legalidad de otros sitios web de terceros a los que se pueda acceder desde esta web. PROFINQUES ARTOUS, S.L. tampoco asume responsabilidad alguna por la legalidad de otros sitios web de terceros vinculados o enlazados desde esta Web. PROFINQUES ARTOUS, S.L. se reserva el derecho a realizar cambios en el sitio web sin previo aviso, con el objetivo de mantener actualizada su informaci\u00f3n, ya sea mediante la adici\u00f3n, modificaci\u00f3n, correcci\u00f3n o eliminaci\u00f3n de los contenidos publicados o el dise\u00f1o del portal. PROFINQUES ARTOUS, S.L. no se har\u00e1 responsable del uso que terceros hagan de la informaci\u00f3n publicada en el portal, ni de los da\u00f1os sufridos o p\u00e9rdidas econ\u00f3micas que, de forma directa o indirecta, puedan ocasionarse por el uso de dicha informaci\u00f3n.<\/p>\n<h3><strong>DATOS PERSONALES <\/strong><\/h3>\n<p>El env\u00edo de informaci\u00f3n personal a trav\u00e9s del Sitio tambi\u00e9n est\u00e1 regulado por nuestra <a href=\"https:\/\/www.artous.cat\/es\/politica-de-privacidad\/\"><strong>Pol\u00ed<\/strong><strong>ti<\/strong><strong>ca de Privacidad.&nbsp;<\/strong><\/a><\/p>\n<h3><strong>COOKIES <\/strong><\/h3>\n<p>La pol\u00edtica en relaci\u00f3n con el uso de cookies se encuentra detallada en nuestra <a href=\"https:\/\/www.artous.cat\/es\/politica-de-cookies-2\/\"><strong>Pol\u00ed<\/strong><strong>ti<\/strong><strong>ca de Cookies.&nbsp;<\/strong><\/a><\/p>\n<h3><strong>JURISDICCI\u00d3N Y DERECHO APLICABLE <\/strong><\/h3>\n<p>Cualquier disputa o reclamaci\u00f3n derivada del uso de este sitio web y\/o aplicaci\u00f3n, o relacionada con dicho uso, se resolver\u00e1 de acuerdo con la legislaci\u00f3n espa\u00f1ola y se someter\u00e1 a la competencia territorial y la jurisdicci\u00f3n exclusiva de los Juzgados y Tribunales de Barcelona.<\/p>\n<h3><strong>ACTUALIZACI\u00d3N DEL AVISO LEGAL <\/strong><\/h3>\n<p>Nos reservamos el derecho a incorporar modificaciones y correcciones en este AVISO LEGAL, por lo que recomendamos consultar el mismo peri\u00f3dicamente para verificar si se han realizado cambios o se ha a\u00f1adido nueva informaci\u00f3n.<\/p>\n<p><strong>\u00dal<\/strong><strong>ti<\/strong><strong>ma actualizaci\u00f3n: octubre de 2023. <\/strong><\/p>\t\t\t\t\t\t<\/div>\n\t\t\t\t<\/div>\n\t\t\t\t\t<\/div>\n\t\t<\/div>\n\t\t\t\t\t\t\t<\/div>\n\t\t<\/section>\n\t\t\t\t\t\t\t<\/div>\n\t\t","protected":false},"excerpt":{"rendered":"<p>Aviso legal En cumplimiento de la Ley Org\u00e1nica LOPD-GDD 3\/2018, el Reglamento (UE) 2016\/679 de 27 de abril de 2016 (RGPD), as\u00ed como la Ley 34\/2002, de 11 de julio,&#8230;<\/p>\n","protected":false},"author":1,"featured_media":0,"parent":0,"menu_order":0,"comment_status":"closed","ping_status":"closed","template":"","meta":{"inline_featured_image":false,"footnotes":""},"class_list":["post-1061","page","type-page","status-publish","hentry"],"yoast_head":"<!-- This site is optimized with the Yoast SEO plugin v21.7 - https:\/\/yoast.com\/wordpress\/plugins\/seo\/ -->\n<title>Aviso legal - Artous<\/title>\n<meta name=\"robots\" content=\"index, follow, max-snippet:-1, max-image-preview:large, max-video-preview:-1\" \/>\n<link rel=\"canonical\" href=\"https:\/\/www.artous.cat\/avis-legal\/\" \/>\n<meta property=\"og:locale\" content=\"es_ES\" \/>\n<meta property=\"og:type\" content=\"article\" \/>\n<meta property=\"og:title\" content=\"Aviso legal - Artous\" \/>\n<meta property=\"og:description\" content=\"Aviso legal En cumplimiento de la Ley Org\u00e1nica LOPD-GDD 3\/2018, el Reglamento (UE) 2016\/679 de 27 de abril de 2016 (RGPD), as\u00ed como la Ley 34\/2002, de 11 de julio,...\" \/>\n<meta property=\"og:url\" content=\"https:\/\/www.artous.cat\/avis-legal\/\" \/>\n<meta property=\"og:site_name\" content=\"Artous\" \/>\n<meta property=\"article:modified_time\" content=\"2024-01-22T13:14:31+00:00\" \/>\n<meta name=\"twitter:card\" content=\"summary_large_image\" \/>\n<meta name=\"twitter:label1\" content=\"Tiempo de lectura\" \/>\n\t<meta name=\"twitter:data1\" content=\"3 minutos\" \/>\n<script type=\"application\/ld+json\" class=\"yoast-schema-graph\">{\"@context\":\"https:\/\/schema.org\",\"@graph\":[{\"@type\":\"WebPage\",\"@id\":\"https:\/\/www.artous.cat\/avis-legal\/\",\"url\":\"https:\/\/www.artous.cat\/avis-legal\/\",\"name\":\"Aviso legal - Artous\",\"isPartOf\":{\"@id\":\"http:\/\/www.artous.cat\/#website\"},\"datePublished\":\"2023-03-16T15:31:16+00:00\",\"dateModified\":\"2024-01-22T13:14:31+00:00\",\"inLanguage\":\"es\",\"potentialAction\":[{\"@type\":\"ReadAction\",\"target\":[\"https:\/\/www.artous.cat\/avis-legal\/\"]}]},{\"@type\":\"WebSite\",\"@id\":\"http:\/\/www.artous.cat\/#website\",\"url\":\"http:\/\/www.artous.cat\/\",\"name\":\"Artous\",\"description\":\"\",\"potentialAction\":[{\"@type\":\"SearchAction\",\"target\":{\"@type\":\"EntryPoint\",\"urlTemplate\":\"http:\/\/www.artous.cat\/?s={search_term_string}\"},\"query-input\":\"required name=search_term_string\"}],\"inLanguage\":\"es\"}]}<\/script>\n<!-- \/ Yoast SEO plugin. -->","yoast_head_json":{"title":"Aviso legal - Artous","robots":{"index":"index","follow":"follow","max-snippet":"max-snippet:-1","max-image-preview":"max-image-preview:large","max-video-preview":"max-video-preview:-1"},"canonical":"https:\/\/www.artous.cat\/avis-legal\/","og_locale":"es_ES","og_type":"article","og_title":"Aviso legal - Artous","og_description":"Aviso legal En cumplimiento de la Ley Org\u00e1nica LOPD-GDD 3\/2018, el Reglamento (UE) 2016\/679 de 27 de abril de 2016 (RGPD), as\u00ed como la Ley 34\/2002, de 11 de julio,...","og_url":"https:\/\/www.artous.cat\/avis-legal\/","og_site_name":"Artous","article_modified_time":"2024-01-22T13:14:31+00:00","twitter_card":"summary_large_image","twitter_misc":{"Tiempo de lectura":"3 minutos"},"schema":{"@context":"https:\/\/schema.org","@graph":[{"@type":"WebPage","@id":"https:\/\/www.artous.cat\/avis-legal\/","url":"https:\/\/www.artous.cat\/avis-legal\/","name":"Aviso legal - Artous","isPartOf":{"@id":"http:\/\/www.artous.cat\/#website"},"datePublished":"2023-03-16T15:31:16+00:00","dateModified":"2024-01-22T13:14:31+00:00","inLanguage":"es","potentialAction":[{"@type":"ReadAction","target":["https:\/\/www.artous.cat\/avis-legal\/"]}]},{"@type":"WebSite","@id":"http:\/\/www.artous.cat\/#website","url":"http:\/\/www.artous.cat\/","name":"Artous","description":"","potentialAction":[{"@type":"SearchAction","target":{"@type":"EntryPoint","urlTemplate":"http:\/\/www.artous.cat\/?s={search_term_string}"},"query-input":"required name=search_term_string"}],"inLanguage":"es"}]}},"_links":{"self":[{"href":"https:\/\/www.artous.cat\/es\/wp-json\/wp\/v2\/pages\/1061","targetHints":{"allow":["GET"]}}],"collection":[{"href":"https:\/\/www.artous.cat\/es\/wp-json\/wp\/v2\/pages"}],"about":[{"href":"https:\/\/www.artous.cat\/es\/wp-json\/wp\/v2\/types\/page"}],"author":[{"embeddable":true,"href":"https:\/\/www.artous.cat\/es\/wp-json\/wp\/v2\/users\/1"}],"replies":[{"embeddable":true,"href":"https:\/\/www.artous.cat\/es\/wp-json\/wp\/v2\/comments?post=1061"}],"version-history":[{"count":18,"href":"https:\/\/www.artous.cat\/es\/wp-json\/wp\/v2\/pages\/1061\/revisions"}],"predecessor-version":[{"id":1663,"href":"https:\/\/www.artous.cat\/es\/wp-json\/wp\/v2\/pages\/1061\/revisions\/1663"}],"wp:attachment":[{"href":"https:\/\/www.artous.cat\/es\/wp-json\/wp\/v2\/media?parent=1061"}],"curies":[{"name":"wp","href":"https:\/\/api.w.org\/{rel}","templated":true}]}}